{"id":7,"date":"2014-12-12T16:35:25","date_gmt":"2014-12-12T16:35:25","guid":{"rendered":"http:\/\/www.samzeini.de\/?page_id=7"},"modified":"2014-12-12T16:35:25","modified_gmt":"2014-12-12T16:35:25","slug":"homepage","status":"publish","type":"page","link":"https:\/\/www.samzeini.de\/","title":{"rendered":"Homepage"},"content":{"rendered":"<div id=\"aq-template-wrapper-6\" class=\"aq-template-wrapper aq_row\"><div id=\"leistungen\" class=\" template-wrap cf\"  >\r\n\t\t<div class=\"parallax\" style=\" background-color:#fafafa; background-position:top left; background-repeat:no-repeat; \" ><\/div>\r\n\t\t<div class=\"container\"><div class=\"row\"><div class=\"animation-wrapper col-md-12\" style=\"margin:10px 0 10px;\" >\r\n\t\t\t<div class=\"heading-title-wrapper animated fadeInDown\" style=\"-webkit-animation-duration: 900ms; -moz-animation-duration: 900ms; -o-animation-duration: 900ms;animation-duration: 900ms; animation-delay:0ms; -webkit-animation-delay:0ms; -moz-animation-delay:0ms;-o-animation-delay:0ms;\">\r\n\t\t\t\t<h2 class=\"title\">Leistungen<\/h2>\r\n\t\t\t\t<span class=\"line-title\" style=\"background-color:#fafafa\"><\/span>\r\n\t\t\t\t<span class=\"sub-title\"><\/span>\r\n\t\t\t<\/div><\/div><!-- END ET-HEADING-TITLE-BLOCK --><div class=\"list-services-wrapper animation-wrapper\" style=\"margin:10px 0 10px;\">\r\n\t\t\t\t<div class=\"col-md-4 animated fadeInDown\" style=\"-webkit-animation-duration: 900ms; -moz-animation-duration: 900ms; -o-animation-duration: 900ms;animation-duration: 900ms; animation-delay:0ms; -webkit-animation-delay:0ms; -moz-animation-delay:0ms;-o-animation-delay:0ms;\">\r\n\t\t\t\t\t<div class=\"service-wrapper\">\r\n\t\t\t\t\t\t<span class=\"icon\"><i class=\"fa fa-group\"><\/i><\/span>\r\n\t\t\t\t\t\t<h2 class=\"title\">Soziale Netzwerkanalyse<\/h2>\r\n\t\t\t\t\t\t<p>Erhebung Sozialer Netzwerke aus verschiedenen Quellen, wie z.B. Internet, Facebook, Twitter, Mails und Mailinglisten, CVS und SVN Repositories, Flickr, Youtube sowie Bibliographiedeienste. Aufbereitung und Bereinigung dieser Daten. Verschiedene Auswertungstechnicken wie z.B. Brokeranalysen, Cluster- und Cliquenanalysen, Analyse von Egonetzwerken, Netzwerktextanalyse. Visualisierung, Interpretation und Kontextualiserung der Ergebnisse. <\/p>\r\n\t\t\t\t\t<\/div>\r\n\t\t\t\t<\/div>\r\n\t\t\t\r\n\t\t\t\t<div class=\"col-md-4 animated fadeInDown\" style=\"-webkit-animation-duration: 900ms; -moz-animation-duration: 900ms; -o-animation-duration: 900ms;animation-duration: 900ms; animation-delay:0ms; -webkit-animation-delay:0ms; -moz-animation-delay:0ms;-o-animation-delay:0ms;\">\r\n\t\t\t\t\t<div class=\"service-wrapper\">\r\n\t\t\t\t\t\t<span class=\"icon\"><i class=\"fa fa-superscript\"><\/i><\/span>\r\n\t\t\t\t\t\t<h2 class=\"title\">Quantitative Datenanalyse<\/h2>\r\n\t\t\t\t\t\t<p>Planung und Durchf\u00fchrung von Quantitativen Studien. Entwicklung und Erprobung von Frageb\u00f6gen, Durchf\u00fchrung von Online- und Papierbefragungen, Auswertung der Befragungen mit SPSS, R, oder Excel, Interpretation und Kontextualisierung der Daten sowie die Erstellung dazugeh\u00f6riger Berichte.<\/p>\r\n\t\t\t\t\t<\/div>\r\n\t\t\t\t<\/div>\r\n\t\t\t\r\n\t\t\t\t<div class=\"col-md-4 animated fadeInDown\" style=\"-webkit-animation-duration: 900ms; -moz-animation-duration: 900ms; -o-animation-duration: 900ms;animation-duration: 900ms; animation-delay:0ms; -webkit-animation-delay:0ms; -moz-animation-delay:0ms;-o-animation-delay:0ms;\">\r\n\t\t\t\t\t<div class=\"service-wrapper\">\r\n\t\t\t\t\t\t<span class=\"icon\"><i class=\"fa fa-comments\"><\/i><\/span>\r\n\t\t\t\t\t\t<h2 class=\"title\">Qualitative Datenanalyse<\/h2>\r\n\t\t\t\t\t\t<p>Hierzu geh\u00f6ren Planung und Durchf\u00fchrung von Qualitativen Studien, Entwicklung von Interview- und Beobachtungsleitf\u00e4den, Durchf\u00fchrung von Interviews, Beobachtungen und Taskanalysen, Kodierung von Interviews, Beobachtungsprotokollen, Screencaptures und Artefakte und schlie\u00dflich die Interpretation bzw. Kontextualisierung der Ergebnisse.<\/p>\r\n\t\t\t\t\t<\/div>\r\n\t\t\t\t<\/div>\r\n\t\t\t<\/div><!-- END ET-SERVICES-BLOCK -->\n<\/div><\/div><\/div><div id=\"portfolio\" class=\" template-wrap cf\"  >\r\n\t\t<div class=\"parallax\" style=\" background-color:#fafafa; background-position:top left; background-repeat:repeat; \" ><\/div>\r\n\t\t<div class=\"container\"><div class=\"row\"><div class=\"animation-wrapper col-md-12\" style=\"margin:10px 0 10px;\" >\r\n\t\t\t<div class=\"heading-title-wrapper animated fadeInDown\" style=\"-webkit-animation-duration: 900ms; -moz-animation-duration: 900ms; -o-animation-duration: 900ms;animation-duration: 900ms; animation-delay:0ms; -webkit-animation-delay:0ms; -moz-animation-delay:0ms;-o-animation-delay:0ms;\">\r\n\t\t\t\t<h2 class=\"title\">Portfolio<\/h2>\r\n\t\t\t\t<span class=\"line-title\" style=\"background-color:#fafafa\"><\/span>\r\n\t\t\t\t<span class=\"sub-title\"><\/span>\r\n\t\t\t<\/div><\/div><!-- END ET-HEADING-TITLE-BLOCK --><div id=\"aq-block-6-7\" class=\"aq-block aq-block-oe_portfolio_block\"><div id=\"portfolio-page\" class=\"portfolio-wrapper\" style=\"margin:10px 0 10px;\">\t\t<div class=\"portfolio-cat-wrapper container \">\r\n\t\t\t<div class=\"row\">\r\n\t\t\t\t<div class=\"col-md-12\">\r\n\t\t\t\t\t<ul class=\"portfolio-category\" id=\"portfolio_filter\">\r\n\t\t\t\t\t\t<li>\r\n\t\t\t\t\t\t\t<a id=\"all_click\" href=\"#\" data-filter=\"*\">\r\n                            \t<span class=\"icon-categories\"><i class=\"fa fa-align-justify\"><\/i><\/span>\r\n\t\t\t\t\t\t\t\tAll                            <\/a>\r\n\t\t\t\t\t\t<\/li>\t\t\t\t\t\t\r\n\t\t\t\t\t\t\t\t\t\t<li>\r\n\t\t\t\t\t\t\t<a href=\"#\" data-filter=\".publikationen\">\r\n\t\t\t\t\t\t\t\t<span class=\"icon-categories\"><i class=\"fa fa-book\"><\/i><\/span>\r\n                            \tPublikationen                            <\/a>\r\n\t\t\t\t\t\t<\/li>\r\n\t\t\t\t\t\t\t\t\t\t\t<\/ul>\r\n\t\t\t\t<\/div>\r\n\t\t\t<\/div>\r\n\t\t<\/div>\r\n\t\t<div class=\"portfolio-list isotope animation-wrapper\" id=\"portfolio_list\">\t\r\n\t\t\t<div class=\"item isotope-item publikationen \">\r\n\t\t\t\t<a href=\"#\" data-id=\"75\">\r\n\t\t\t\t<img width=\"480\" height=\"480\" src=\"https:\/\/www.samzeini.de\/wp-content\/uploads\/2015\/03\/FacebookAPI_s-480x480.jpg\" class=\"et-portfolio-thumbnail img-responsive wp-post-image\" alt=\"\" loading=\"lazy\" srcset=\"https:\/\/www.samzeini.de\/wp-content\/uploads\/2015\/03\/FacebookAPI_s-480x480.jpg 480w, https:\/\/www.samzeini.de\/wp-content\/uploads\/2015\/03\/FacebookAPI_s-150x150.jpg 150w\" sizes=\"(max-width: 480px) 100vw, 480px\" \/>                <div class=\"hover\"><span><i class=\"fa fa-search\"><\/i><\/span><\/div>\r\n\t\t\t\t<\/a>\r\n\t\t\t<\/div>\r\n\t\t\t\r\n\t\t\t<div class=\"item isotope-item publikationen \">\r\n\t\t\t\t<a href=\"#\" data-id=\"77\">\r\n\t\t\t\t<img width=\"480\" height=\"480\" src=\"https:\/\/www.samzeini.de\/wp-content\/uploads\/2015\/03\/Patterns_s-480x480.jpg\" class=\"et-portfolio-thumbnail img-responsive wp-post-image\" alt=\"\" loading=\"lazy\" srcset=\"https:\/\/www.samzeini.de\/wp-content\/uploads\/2015\/03\/Patterns_s-480x480.jpg 480w, https:\/\/www.samzeini.de\/wp-content\/uploads\/2015\/03\/Patterns_s-150x150.jpg 150w\" sizes=\"(max-width: 480px) 100vw, 480px\" \/>                <div class=\"hover\"><span><i class=\"fa fa-search\"><\/i><\/span><\/div>\r\n\t\t\t\t<\/a>\r\n\t\t\t<\/div>\r\n\t\t<\/div><div id=\"portfolio_content\">\r\n\t\t\t\t\t<div class=\"container\">\r\n\t\t\t\t\t\t<div class=\"row\">\r\n\t\t\t\t\t\t\t<div class=\"port-control col-md-12\">\r\n\t\t\t\t\t\t\t\t<a class=\"prev\" href=\"#\"><span class=\"arrow-port left\"><\/span>&nbsp;&nbsp;Prev<\/a> \r\n\t\t\t\t\t\t\t\t<a href=\"#\" class=\"close-port\"><i class=\"fa fa-times\"><\/i><\/a> \r\n\t\t\t\t\t\t\t\t<a href=\"#\" class=\"next\">Next&nbsp;&nbsp;<span class=\"arrow-port right\"><\/span><\/a>\r\n\t\t\t\t\t\t\t<\/div>\r\n\t\t\t\t\t\t<\/div>\r\n\t\t\t\t\t\t<div class=\"port-content\">\t\r\n\t\t\t\t\t\t<\/div>\r\n\t\t\t\t\t<\/div>\r\n \t\t\t\t<\/div><\/div><\/div><!-- END ET-PORTFOLIO-BLOCK-->\n<\/div><\/div><\/div><div id=\"blog\" class=\" template-wrap cf\"  >\r\n\t\t<div class=\"parallax\" style=\" background-color:#fafafa; background-position:top left; background-repeat:repeat; \" ><\/div>\r\n\t\t<div class=\"container\"><div class=\"row\"><div class=\"animation-wrapper col-md-12\" style=\"margin:10px 0 10px;\" >\r\n\t\t\t<div class=\"heading-title-wrapper animated fadeInDown\" style=\"-webkit-animation-duration: 900ms; -moz-animation-duration: 900ms; -o-animation-duration: 900ms;animation-duration: 900ms; animation-delay:0ms; -webkit-animation-delay:0ms; -moz-animation-delay:0ms;-o-animation-delay:0ms;\">\r\n\t\t\t\t<h2 class=\"title\">Blog<\/h2>\r\n\t\t\t\t<span class=\"line-title\" style=\"background-color:#fafafa\"><\/span>\r\n\t\t\t\t<span class=\"sub-title\"><\/span>\r\n\t\t\t<\/div><\/div><!-- END ET-HEADING-TITLE-BLOCK --><div class=\"blog-wrapper animation-wrapper span12\" style=\"margin:10px 0 10px\"><div class=\"row\">\t\t\t<div class=\"col-md-6 et-blog-post  animated fadeInDown\" style=\"-webkit-animation-duration: 900ms; -moz-animation-duration: 900ms; -o-animation-duration: 900ms;animation-duration: 900ms; animation-delay:0ms; -webkit-animation-delay:0ms; -moz-animation-delay:0ms;-o-animation-delay:0ms;\">\r\n            \t<div class=\"image-blog-wrapper\">\r\n\t\t\t\t\t<img width=\"1280\" height=\"720\" src=\"https:\/\/www.samzeini.de\/wp-content\/uploads\/2014\/12\/DeutscheWirtschaft1.jpg\" class=\"et-post-thumbnail img-responsive wp-post-image\" alt=\"\" loading=\"lazy\" srcset=\"https:\/\/www.samzeini.de\/wp-content\/uploads\/2014\/12\/DeutscheWirtschaft1.jpg 1280w, https:\/\/www.samzeini.de\/wp-content\/uploads\/2014\/12\/DeutscheWirtschaft1-300x168.jpg 300w, https:\/\/www.samzeini.de\/wp-content\/uploads\/2014\/12\/DeutscheWirtschaft1-1024x576.jpg 1024w\" sizes=\"(max-width: 1280px) 100vw, 1280px\" \/>                    <div class=\"et-post-data-left mobile-blog\">\r\n                        <span class=\"et-post-month\">Dez.<\/span>\r\n                        <span class=\"et-post-date\">12<\/span>\r\n                        <a href=\"#\" data-id=\"20\" class=\"et-like-post \">\r\n                            <span class=\"et-post-heart\"><i class=\"fa fa-heart\"><\/i><span class=\"count\">0<\/span><\/span>\r\n                        <\/a>\r\n                    <\/div>\r\n                <\/div>\r\n\t\t\t\t<div class=\"clearfix\"><\/div>\r\n\t\t\t\t<div class=\"et-post-data container\">\r\n\t\t\t\t\t<div class=\"row\">\r\n\t\t\t\t\t\t<div class=\"col-md-2 col-sm-2 et-post-data-left\">\r\n\t\t\t\t\t\t\t<span class=\"et-post-month\">Dez.<\/span>\r\n\t\t\t\t\t\t\t<span class=\"et-post-date\">12<\/span>\r\n\t\t\t\t\t\t\t<a href=\"#\" data-id=\"20\" class=\"et-like-post \">\r\n\t\t\t\t\t\t\t\t<span class=\"et-post-heart\"><i class=\"fa fa-heart\"><\/i><span class=\"count\">0<\/span><\/span>\r\n\t\t\t\t\t\t\t<\/a>\r\n\t\t\t\t\t\t<\/div>\r\n\t\t\t\t\t\t<div class=\"col-md-10 col-sm-10 et-post-data-right\">\r\n\t\t\t\t\t\t\t<h1 class=\"title-blog\"><a href=\"https:\/\/www.samzeini.de\/?p=20\">Beispielanalyse Digitale Wirtschaft NRW<\/a><\/h1>\r\n\t\t\t\t\t\t\t<div class=\"et-post-info\">\r\n\t\t\t\t\t\t\t\tPost by Sam | <ul class=\"post-categories\">\n\t<li><a href=\"https:\/\/www.samzeini.de\/?cat=1\" rel=\"category\">Allgemein<\/a><\/li><\/ul> | No Comments \r\n\t\t\t\t\t\t\t<\/div>\r\n\t\t\t\t\t\t\t<div class=\"clearfix\"><\/div>\r\n\t\t\t\t\t\t\t<div class=\"et-post-excerpt\">\r\n\t\t\t\t\t\t\t\t<p>Die Digitale Wirtschaft NRW betreibt eine gut besuchte Fanpage auf Facebook. Eine n\u00fctzliche Eigenschaft der Fanpages auf Facebook ist, dass Social Media Manager bzw. Seitenadministratoren andere Seiten liken k\u00f6nnen. Sprich Fanpages k\u00f6nnen sich gegenseitig liken. Aus diesen Likes k\u00f6nnen Soziale Netzwerke extrahiert werden. Ein erster Blick auf die Digitale Wirtschaft sieht so aus:<\/p>\n\t\t\t\t\t\t\t<\/div>\r\n\t\t\t\t\t\t\t<div class=\"clearfix\"><\/div>\r\n\t\t\t\t\t\t\t<a href=\"https:\/\/www.samzeini.de\/?p=20\" class=\"read-more\"><i class=\"fa fa-arrow-right\"><\/i>&nbsp;&nbsp;Read more<\/a>\r\n\t\t\t\t\t\t<\/div>\r\n\t\t\t\t\t<\/div>\r\n\t\t\t\t<\/div>\r\n\t\t\t<\/div>\r\n\t\t\t\t\t<div class=\"col-md-6 et-blog-post  animated fadeInDown\" style=\"-webkit-animation-duration: 900ms; -moz-animation-duration: 900ms; -o-animation-duration: 900ms;animation-duration: 900ms; animation-delay:0ms; -webkit-animation-delay:0ms; -moz-animation-delay:0ms;-o-animation-delay:0ms;\">\r\n            \t<div class=\"image-blog-wrapper\">\r\n\t\t\t\t\t<img width=\"1883\" height=\"941\" src=\"https:\/\/www.samzeini.de\/wp-content\/uploads\/2014\/12\/Germanwings200-080213.png\" class=\"et-post-thumbnail img-responsive wp-post-image\" alt=\"\" loading=\"lazy\" srcset=\"https:\/\/www.samzeini.de\/wp-content\/uploads\/2014\/12\/Germanwings200-080213.png 1883w, https:\/\/www.samzeini.de\/wp-content\/uploads\/2014\/12\/Germanwings200-080213-300x149.png 300w, https:\/\/www.samzeini.de\/wp-content\/uploads\/2014\/12\/Germanwings200-080213-1024x511.png 1024w\" sizes=\"(max-width: 1883px) 100vw, 1883px\" \/>                    <div class=\"et-post-data-left mobile-blog\">\r\n                        <span class=\"et-post-month\">Dez.<\/span>\r\n                        <span class=\"et-post-date\">12<\/span>\r\n                        <a href=\"#\" data-id=\"17\" class=\"et-like-post \">\r\n                            <span class=\"et-post-heart\"><i class=\"fa fa-heart\"><\/i><span class=\"count\">0<\/span><\/span>\r\n                        <\/a>\r\n                    <\/div>\r\n                <\/div>\r\n\t\t\t\t<div class=\"clearfix\"><\/div>\r\n\t\t\t\t<div class=\"et-post-data container\">\r\n\t\t\t\t\t<div class=\"row\">\r\n\t\t\t\t\t\t<div class=\"col-md-2 col-sm-2 et-post-data-left\">\r\n\t\t\t\t\t\t\t<span class=\"et-post-month\">Dez.<\/span>\r\n\t\t\t\t\t\t\t<span class=\"et-post-date\">12<\/span>\r\n\t\t\t\t\t\t\t<a href=\"#\" data-id=\"17\" class=\"et-like-post \">\r\n\t\t\t\t\t\t\t\t<span class=\"et-post-heart\"><i class=\"fa fa-heart\"><\/i><span class=\"count\">0<\/span><\/span>\r\n\t\t\t\t\t\t\t<\/a>\r\n\t\t\t\t\t\t<\/div>\r\n\t\t\t\t\t\t<div class=\"col-md-10 col-sm-10 et-post-data-right\">\r\n\t\t\t\t\t\t\t<h1 class=\"title-blog\"><a href=\"https:\/\/www.samzeini.de\/?p=17\">Soziale Netzwerkanalyse und Social Media<\/a><\/h1>\r\n\t\t\t\t\t\t\t<div class=\"et-post-info\">\r\n\t\t\t\t\t\t\t\tPost by Sam | <ul class=\"post-categories\">\n\t<li><a href=\"https:\/\/www.samzeini.de\/?cat=1\" rel=\"category\">Allgemein<\/a><\/li><\/ul> | No Comments \r\n\t\t\t\t\t\t\t<\/div>\r\n\t\t\t\t\t\t\t<div class=\"clearfix\"><\/div>\r\n\t\t\t\t\t\t\t<div class=\"et-post-excerpt\">\r\n\t\t\t\t\t\t\t\t<p>Social Media nutzt die gleichen Techniken zur Repr\u00e4sentation von Sozialen Beziehungen, wie sie von der Sozialen Netzwerkanalyse seit Jahrzehnten zur Beschreibung sozialer Geflechte genutzt wird. Dadurch bietet sich die Soziale Netzwerkanalyse als K\u00f6nigsweg an, um Social Media Analytics zu betreiben.<\/p>\n\t\t\t\t\t\t\t<\/div>\r\n\t\t\t\t\t\t\t<div class=\"clearfix\"><\/div>\r\n\t\t\t\t\t\t\t<a href=\"https:\/\/www.samzeini.de\/?p=17\" class=\"read-more\"><i class=\"fa fa-arrow-right\"><\/i>&nbsp;&nbsp;Read more<\/a>\r\n\t\t\t\t\t\t<\/div>\r\n\t\t\t\t\t<\/div>\r\n\t\t\t\t<\/div>\r\n\t\t\t<\/div>\r\n\t\t<div class=\"clearfix\"><\/div><div class=\"clearfix\"><\/div><div class=\"view-all-blog-wrapper\"><a href=\"?p=blog\" class=\"view-all-blog\"><span><i class=\"fa fa-plus\"><\/i><\/span>View All Blog<\/a><\/div><\/div><\/div><!-- END ET-BLOG-BLOCK-->\n<\/div><\/div><\/div><\/div>\n","protected":false},"excerpt":{"rendered":"","protected":false},"author":1,"featured_media":0,"parent":0,"menu_order":0,"comment_status":"closed","ping_status":"closed","template":"","meta":[],"_links":{"self":[{"href":"https:\/\/www.samzeini.de\/index.php?rest_route=\/wp\/v2\/pages\/7"}],"collection":[{"href":"https:\/\/www.samzeini.de\/index.php?rest_route=\/wp\/v2\/pages"}],"about":[{"href":"https:\/\/www.samzeini.de\/index.php?rest_route=\/wp\/v2\/types\/page"}],"author":[{"embeddable":true,"href":"https:\/\/www.samzeini.de\/index.php?rest_route=\/wp\/v2\/users\/1"}],"replies":[{"embeddable":true,"href":"https:\/\/www.samzeini.de\/index.php?rest_route=%2Fwp%2Fv2%2Fcomments&post=7"}],"version-history":[{"count":1,"href":"https:\/\/www.samzeini.de\/index.php?rest_route=\/wp\/v2\/pages\/7\/revisions"}],"predecessor-version":[{"id":8,"href":"https:\/\/www.samzeini.de\/index.php?rest_route=\/wp\/v2\/pages\/7\/revisions\/8"}],"wp:attachment":[{"href":"https:\/\/www.samzeini.de\/index.php?rest_route=%2Fwp%2Fv2%2Fmedia&parent=7"}],"curies":[{"name":"wp","href":"https:\/\/api.w.org\/{rel}","templated":true}]}}